{"id":418,"date":"2025-01-25T13:46:04","date_gmt":"2025-01-25T13:46:04","guid":{"rendered":"https:\/\/medizin-ganzheitlich.ch\/?page_id=418"},"modified":"2025-01-26T09:24:20","modified_gmt":"2025-01-26T09:24:20","slug":"schroepfen","status":"publish","type":"page","link":"https:\/\/medizin-ganzheitlich.ch\/index.php\/schroepfen\/","title":{"rendered":"Schr\u00f6pfen"},"content":{"rendered":"\n<figure class=\"wp-block-image size-full is-style-rounded is-style-rounded--1\"><img loading=\"lazy\" decoding=\"async\" width=\"1024\" height=\"266\" src=\"https:\/\/medizin-ganzheitlich.ch\/wp-content\/uploads\/2025\/01\/schroepf_03-1024x266-1.jpg\" alt=\"\" class=\"wp-image-281\" style=\"object-fit:cover\" srcset=\"https:\/\/medizin-ganzheitlich.ch\/wp-content\/uploads\/2025\/01\/schroepf_03-1024x266-1.jpg 1024w, https:\/\/medizin-ganzheitlich.ch\/wp-content\/uploads\/2025\/01\/schroepf_03-1024x266-1-300x78.jpg 300w, https:\/\/medizin-ganzheitlich.ch\/wp-content\/uploads\/2025\/01\/schroepf_03-1024x266-1-768x200.jpg 768w\" sizes=\"auto, (max-width: 1024px) 100vw, 1024px\" \/><\/figure>\n\n\n\n<div class=\"wp-block-group has-global-padding is-layout-constrained wp-container-core-group-is-layout-055e1b7b wp-block-group-is-layout-constrained\">\n<p class=\"has-contrast-3-color has-text-color has-link-color has-heading-font-family has-large-font-size wp-elements-c3f5595dd95b60ad8443552d727bbfad\"><strong>Schr\u00f6pfen<\/strong><\/p>\n\n\n\n<p class=\"has-text-align-left\">Beim Schr\u00f6pfen wird mit Hilfe von Saugglocken ein Unterdruck auf bestimmten Hautarealen erzeugt. Durch den Unterdruck verbessert sich die Durchblutung, der Lymphfluss wird angeregt und Gewebeschichten voneinander gel\u00f6st. Dadurch wird das Gebiet besser mit N\u00e4hrstoffen und Sauerstoff versorgt und Giftstoffe k\u00f6nnen besser abtransportiert werden. So entsteht ein Reiz im Organismus, der Blockaden aufl\u00f6st. Das Schr\u00f6pfen erfolgt haupts\u00e4chlich am R\u00fccken, da hier die Reflexzonen liegen, die mit den einzelnen Organen im K\u00f6rper in Verbindung stehen. Die Schr\u00f6pftherapie wird bei vielen inneren Erkrankungen mit Bezug zu den Reflexzonen verwendet. \u00a0Man unterscheidet 3 Formen des Schr\u00f6pfens:<\/p>\n\n\n\n<p><\/p>\n\n\n\n<p><\/p>\n\n\n\n<p><strong>Trockenes Schr\u00f6pfen<\/strong><\/p>\n\n\n\n<p>Das Trockene Schr\u00f6pfen wirkt in erster Linie tonisierend. Durch die anregende Wirkung kommt es vor allem bei chronischen Schw\u00e4chezust\u00e4nden (z.B. zu niedriger Blutdruck, zu schwache S\u00e4ureproduktion des Magens, Verstopfungen, etc.) zum Einsatz.<\/p>\n\n\n\n<p><strong>Blutiges Schr\u00f6pfen<\/strong><\/p>\n\n\n\n<p>Das blutige Schr\u00f6pfen wirkt entlastend auf gestaute Areale und Organe. Es wird eher bei F\u00fcllezust\u00e4nden (z.B. zu hoher Blutdruck, Stauungsgastritis, Migr\u00e4ne, etc.) angewendet. Hier werden die Schr\u00f6pfk\u00f6pfe an zuvor mit einer Blutlanzette angestochenen Stellen angesetzt. Das im gestauten Gewebebezirk vorhandene Blut tritt aus. Dadurch k\u00f6nnen Schadstoffe ausgeleitet werden. Das Blut wird verd\u00fcnnt und somit die Fliessf\u00e4higkeit erh\u00f6ht.<\/p>\n\n\n\n<p><em><strong>Wirkung<\/strong>:<\/em><\/p>\n\n\n\n<p>\u2022 Verbesserte Zirkulation der Blut- und Lymphgef\u00e4sse durch Beseitigen von Stauungen<br>\u2022 Lokale Lymphdrainage<br>\u2022 Stoffwechselanregend<br>\u2022 Schmerzstillend \/ entz\u00fcndungshemmend<br>\u2022 Freisetzung von Endorphinen<br>\u2022 Tonisierend (trockenes Schr\u00f6pfen)<br>\u2022 Sedierend (blutiges Schr\u00f6pfen)<br>\u2022 St\u00e4rkt das Immunsystem<\/p>\n\n\n\n<p><strong>Schr\u00f6pfkopfmassage<\/strong><\/p>\n\n\n\n<p>Hier wird nach vorherigem Ein\u00f6len der Haut, der Schr\u00f6pfkopf \u00fcber die Haut gezogen, bis sie sich r\u00f6tet. Sie stellt eine unspezifische Reiztherapie dar, bei der sehr viele Schadstoffe aus dem Gewebe gel\u00f6st werden. Sie dient der allgemeinen Entschlackung oder der Vorbereitung auf andere Therapien.<\/p>\n\n\n\n<p><em>Indikation:<\/em><\/p>\n\n\n\n<p class=\"has-text-align-left\">\u2022 Wirbels\u00e4ulenschmerzen und pseudoradikul\u00e4re Symptomatik<br>\u2022 Rheumatische Beschwerden und Muskelschmerzen<br>\u2022 Zur Steigerung&nbsp; postoperativer Resorbtionsvorg\u00e4nge<br>\u2022 Migr\u00e4ne \/ Kopfschmerzen<br>\u2022 Ischalgie<br>\u2022 Karpaltunnel-Syndrom<br>\u2022 Schulter-Arm-Syndrom<br>\u2022 Tennisellbogen<br>\u2022 Chroninsche Bronchitis<br>\u2022 Menstruationsbeschwerden<br>\u2022 Chronische Schw\u00e4chezust\u00e4nde \/ Depressionen<br>\u2022 Nieren- \/ Blasenschw\u00e4che<br>\u2022 Verdauungsprobleme<\/p>\n<\/div>\n","protected":false},"excerpt":{"rendered":"<p>Schr\u00f6pfen Beim Schr\u00f6pfen wird mit Hilfe von Saugglocken ein Unterdruck auf bestimmten Hautarealen erzeugt. Durch den Unterdruck verbessert sich die Durchblutung, der Lymphfluss wird angeregt und Gewebeschichten voneinander gel\u00f6st. Dadurch wird das Gebiet besser mit N\u00e4hrstoffen und Sauerstoff versorgt und Giftstoffe k\u00f6nnen besser abtransportiert werden. So entsteht ein Reiz im Organismus, der Blockaden aufl\u00f6st. Das [&hellip;]<\/p>\n","protected":false},"author":1,"featured_media":274,"parent":0,"menu_order":0,"comment_status":"closed","ping_status":"closed","template":"","meta":{"footnotes":""},"class_list":["post-418","page","type-page","status-publish","has-post-thumbnail","hentry"],"yoast_head":"<!-- This site is optimized with the Yoast SEO plugin v27.3 - https:\/\/yoast.com\/product\/yoast-seo-wordpress\/ -->\n<title>Schr\u00f6pfen - Praxis Flavio Anthamatten<\/title>\n<meta name=\"robots\" content=\"index, follow, max-snippet:-1, max-image-preview:large, max-video-preview:-1\" \/>\n<link rel=\"canonical\" href=\"https:\/\/medizin-ganzheitlich.ch\/index.php\/schroepfen\/\" \/>\n<meta property=\"og:locale\" content=\"de_DE\" \/>\n<meta property=\"og:type\" content=\"article\" \/>\n<meta property=\"og:title\" content=\"Schr\u00f6pfen - Praxis Flavio Anthamatten\" \/>\n<meta property=\"og:description\" content=\"Schr\u00f6pfen Beim Schr\u00f6pfen wird mit Hilfe von Saugglocken ein Unterdruck auf bestimmten Hautarealen erzeugt. Durch den Unterdruck verbessert sich die Durchblutung, der Lymphfluss wird angeregt und Gewebeschichten voneinander gel\u00f6st. Dadurch wird das Gebiet besser mit N\u00e4hrstoffen und Sauerstoff versorgt und Giftstoffe k\u00f6nnen besser abtransportiert werden. So entsteht ein Reiz im Organismus, der Blockaden aufl\u00f6st. Das [&hellip;]\" \/>\n<meta property=\"og:url\" content=\"https:\/\/medizin-ganzheitlich.ch\/index.php\/schroepfen\/\" \/>\n<meta property=\"og:site_name\" content=\"Praxis Flavio Anthamatten\" \/>\n<meta property=\"article:publisher\" content=\"https:\/\/www.facebook.com\/medizinganzheitlich\" \/>\n<meta property=\"article:modified_time\" content=\"2025-01-26T09:24:20+00:00\" \/>\n<meta property=\"og:image\" content=\"https:\/\/medizin-ganzheitlich.ch\/wp-content\/uploads\/2025\/01\/schroepf_02-1080x410-1.jpg\" \/>\n\t<meta property=\"og:image:width\" content=\"1080\" \/>\n\t<meta property=\"og:image:height\" content=\"410\" \/>\n\t<meta property=\"og:image:type\" content=\"image\/jpeg\" \/>\n<meta name=\"twitter:card\" content=\"summary_large_image\" \/>\n<meta name=\"twitter:label1\" content=\"Gesch\u00e4tzte Lesezeit\" \/>\n\t<meta name=\"twitter:data1\" content=\"1\u00a0Minute\" \/>\n<script type=\"application\/ld+json\" class=\"yoast-schema-graph\">{\"@context\":\"https:\\\/\\\/schema.org\",\"@graph\":[{\"@type\":\"WebPage\",\"@id\":\"https:\\\/\\\/medizin-ganzheitlich.ch\\\/index.php\\\/schroepfen\\\/\",\"url\":\"https:\\\/\\\/medizin-ganzheitlich.ch\\\/index.php\\\/schroepfen\\\/\",\"name\":\"Schr\u00f6pfen - Praxis Flavio Anthamatten\",\"isPartOf\":{\"@id\":\"https:\\\/\\\/medizin-ganzheitlich.ch\\\/#website\"},\"primaryImageOfPage\":{\"@id\":\"https:\\\/\\\/medizin-ganzheitlich.ch\\\/index.php\\\/schroepfen\\\/#primaryimage\"},\"image\":{\"@id\":\"https:\\\/\\\/medizin-ganzheitlich.ch\\\/index.php\\\/schroepfen\\\/#primaryimage\"},\"thumbnailUrl\":\"https:\\\/\\\/medizin-ganzheitlich.ch\\\/wp-content\\\/uploads\\\/2025\\\/01\\\/schroepf_02-1080x410-1.jpg\",\"datePublished\":\"2025-01-25T13:46:04+00:00\",\"dateModified\":\"2025-01-26T09:24:20+00:00\",\"breadcrumb\":{\"@id\":\"https:\\\/\\\/medizin-ganzheitlich.ch\\\/index.php\\\/schroepfen\\\/#breadcrumb\"},\"inLanguage\":\"de\",\"potentialAction\":[{\"@type\":\"ReadAction\",\"target\":[\"https:\\\/\\\/medizin-ganzheitlich.ch\\\/index.php\\\/schroepfen\\\/\"]}]},{\"@type\":\"ImageObject\",\"inLanguage\":\"de\",\"@id\":\"https:\\\/\\\/medizin-ganzheitlich.ch\\\/index.php\\\/schroepfen\\\/#primaryimage\",\"url\":\"https:\\\/\\\/medizin-ganzheitlich.ch\\\/wp-content\\\/uploads\\\/2025\\\/01\\\/schroepf_02-1080x410-1.jpg\",\"contentUrl\":\"https:\\\/\\\/medizin-ganzheitlich.ch\\\/wp-content\\\/uploads\\\/2025\\\/01\\\/schroepf_02-1080x410-1.jpg\",\"width\":1080,\"height\":410},{\"@type\":\"BreadcrumbList\",\"@id\":\"https:\\\/\\\/medizin-ganzheitlich.ch\\\/index.php\\\/schroepfen\\\/#breadcrumb\",\"itemListElement\":[{\"@type\":\"ListItem\",\"position\":1,\"name\":\"Startseite\",\"item\":\"https:\\\/\\\/medizin-ganzheitlich.ch\\\/\"},{\"@type\":\"ListItem\",\"position\":2,\"name\":\"Schr\u00f6pfen\"}]},{\"@type\":\"WebSite\",\"@id\":\"https:\\\/\\\/medizin-ganzheitlich.ch\\\/#website\",\"url\":\"https:\\\/\\\/medizin-ganzheitlich.ch\\\/\",\"name\":\"Praxis Flavio Anthamatten\",\"description\":\"\",\"publisher\":{\"@id\":\"https:\\\/\\\/medizin-ganzheitlich.ch\\\/#organization\"},\"potentialAction\":[{\"@type\":\"SearchAction\",\"target\":{\"@type\":\"EntryPoint\",\"urlTemplate\":\"https:\\\/\\\/medizin-ganzheitlich.ch\\\/?s={search_term_string}\"},\"query-input\":{\"@type\":\"PropertyValueSpecification\",\"valueRequired\":true,\"valueName\":\"search_term_string\"}}],\"inLanguage\":\"de\"},{\"@type\":\"Organization\",\"@id\":\"https:\\\/\\\/medizin-ganzheitlich.ch\\\/#organization\",\"name\":\"Praxis Flavio Anthamatten\",\"url\":\"https:\\\/\\\/medizin-ganzheitlich.ch\\\/\",\"logo\":{\"@type\":\"ImageObject\",\"inLanguage\":\"de\",\"@id\":\"https:\\\/\\\/medizin-ganzheitlich.ch\\\/#\\\/schema\\\/logo\\\/image\\\/\",\"url\":\"https:\\\/\\\/medizin-ganzheitlich.ch\\\/wp-content\\\/uploads\\\/2025\\\/01\\\/FA_Logo_2014_web_04-2.jpg\",\"contentUrl\":\"https:\\\/\\\/medizin-ganzheitlich.ch\\\/wp-content\\\/uploads\\\/2025\\\/01\\\/FA_Logo_2014_web_04-2.jpg\",\"width\":636,\"height\":100,\"caption\":\"Praxis Flavio Anthamatten\"},\"image\":{\"@id\":\"https:\\\/\\\/medizin-ganzheitlich.ch\\\/#\\\/schema\\\/logo\\\/image\\\/\"},\"sameAs\":[\"https:\\\/\\\/www.facebook.com\\\/medizinganzheitlich\"]}]}<\/script>\n<!-- \/ Yoast SEO plugin. -->","yoast_head_json":{"title":"Schr\u00f6pfen - Praxis Flavio Anthamatten","robots":{"index":"index","follow":"follow","max-snippet":"max-snippet:-1","max-image-preview":"max-image-preview:large","max-video-preview":"max-video-preview:-1"},"canonical":"https:\/\/medizin-ganzheitlich.ch\/index.php\/schroepfen\/","og_locale":"de_DE","og_type":"article","og_title":"Schr\u00f6pfen - Praxis Flavio Anthamatten","og_description":"Schr\u00f6pfen Beim Schr\u00f6pfen wird mit Hilfe von Saugglocken ein Unterdruck auf bestimmten Hautarealen erzeugt. Durch den Unterdruck verbessert sich die Durchblutung, der Lymphfluss wird angeregt und Gewebeschichten voneinander gel\u00f6st. Dadurch wird das Gebiet besser mit N\u00e4hrstoffen und Sauerstoff versorgt und Giftstoffe k\u00f6nnen besser abtransportiert werden. So entsteht ein Reiz im Organismus, der Blockaden aufl\u00f6st. Das [&hellip;]","og_url":"https:\/\/medizin-ganzheitlich.ch\/index.php\/schroepfen\/","og_site_name":"Praxis Flavio Anthamatten","article_publisher":"https:\/\/www.facebook.com\/medizinganzheitlich","article_modified_time":"2025-01-26T09:24:20+00:00","og_image":[{"width":1080,"height":410,"url":"https:\/\/medizin-ganzheitlich.ch\/wp-content\/uploads\/2025\/01\/schroepf_02-1080x410-1.jpg","type":"image\/jpeg"}],"twitter_card":"summary_large_image","twitter_misc":{"Gesch\u00e4tzte Lesezeit":"1\u00a0Minute"},"schema":{"@context":"https:\/\/schema.org","@graph":[{"@type":"WebPage","@id":"https:\/\/medizin-ganzheitlich.ch\/index.php\/schroepfen\/","url":"https:\/\/medizin-ganzheitlich.ch\/index.php\/schroepfen\/","name":"Schr\u00f6pfen - Praxis Flavio Anthamatten","isPartOf":{"@id":"https:\/\/medizin-ganzheitlich.ch\/#website"},"primaryImageOfPage":{"@id":"https:\/\/medizin-ganzheitlich.ch\/index.php\/schroepfen\/#primaryimage"},"image":{"@id":"https:\/\/medizin-ganzheitlich.ch\/index.php\/schroepfen\/#primaryimage"},"thumbnailUrl":"https:\/\/medizin-ganzheitlich.ch\/wp-content\/uploads\/2025\/01\/schroepf_02-1080x410-1.jpg","datePublished":"2025-01-25T13:46:04+00:00","dateModified":"2025-01-26T09:24:20+00:00","breadcrumb":{"@id":"https:\/\/medizin-ganzheitlich.ch\/index.php\/schroepfen\/#breadcrumb"},"inLanguage":"de","potentialAction":[{"@type":"ReadAction","target":["https:\/\/medizin-ganzheitlich.ch\/index.php\/schroepfen\/"]}]},{"@type":"ImageObject","inLanguage":"de","@id":"https:\/\/medizin-ganzheitlich.ch\/index.php\/schroepfen\/#primaryimage","url":"https:\/\/medizin-ganzheitlich.ch\/wp-content\/uploads\/2025\/01\/schroepf_02-1080x410-1.jpg","contentUrl":"https:\/\/medizin-ganzheitlich.ch\/wp-content\/uploads\/2025\/01\/schroepf_02-1080x410-1.jpg","width":1080,"height":410},{"@type":"BreadcrumbList","@id":"https:\/\/medizin-ganzheitlich.ch\/index.php\/schroepfen\/#breadcrumb","itemListElement":[{"@type":"ListItem","position":1,"name":"Startseite","item":"https:\/\/medizin-ganzheitlich.ch\/"},{"@type":"ListItem","position":2,"name":"Schr\u00f6pfen"}]},{"@type":"WebSite","@id":"https:\/\/medizin-ganzheitlich.ch\/#website","url":"https:\/\/medizin-ganzheitlich.ch\/","name":"Praxis Flavio Anthamatten","description":"","publisher":{"@id":"https:\/\/medizin-ganzheitlich.ch\/#organization"},"potentialAction":[{"@type":"SearchAction","target":{"@type":"EntryPoint","urlTemplate":"https:\/\/medizin-ganzheitlich.ch\/?s={search_term_string}"},"query-input":{"@type":"PropertyValueSpecification","valueRequired":true,"valueName":"search_term_string"}}],"inLanguage":"de"},{"@type":"Organization","@id":"https:\/\/medizin-ganzheitlich.ch\/#organization","name":"Praxis Flavio Anthamatten","url":"https:\/\/medizin-ganzheitlich.ch\/","logo":{"@type":"ImageObject","inLanguage":"de","@id":"https:\/\/medizin-ganzheitlich.ch\/#\/schema\/logo\/image\/","url":"https:\/\/medizin-ganzheitlich.ch\/wp-content\/uploads\/2025\/01\/FA_Logo_2014_web_04-2.jpg","contentUrl":"https:\/\/medizin-ganzheitlich.ch\/wp-content\/uploads\/2025\/01\/FA_Logo_2014_web_04-2.jpg","width":636,"height":100,"caption":"Praxis Flavio Anthamatten"},"image":{"@id":"https:\/\/medizin-ganzheitlich.ch\/#\/schema\/logo\/image\/"},"sameAs":["https:\/\/www.facebook.com\/medizinganzheitlich"]}]}},"_links":{"self":[{"href":"https:\/\/medizin-ganzheitlich.ch\/index.php\/wp-json\/wp\/v2\/pages\/418","targetHints":{"allow":["GET"]}}],"collection":[{"href":"https:\/\/medizin-ganzheitlich.ch\/index.php\/wp-json\/wp\/v2\/pages"}],"about":[{"href":"https:\/\/medizin-ganzheitlich.ch\/index.php\/wp-json\/wp\/v2\/types\/page"}],"author":[{"embeddable":true,"href":"https:\/\/medizin-ganzheitlich.ch\/index.php\/wp-json\/wp\/v2\/users\/1"}],"replies":[{"embeddable":true,"href":"https:\/\/medizin-ganzheitlich.ch\/index.php\/wp-json\/wp\/v2\/comments?post=418"}],"version-history":[{"count":25,"href":"https:\/\/medizin-ganzheitlich.ch\/index.php\/wp-json\/wp\/v2\/pages\/418\/revisions"}],"predecessor-version":[{"id":488,"href":"https:\/\/medizin-ganzheitlich.ch\/index.php\/wp-json\/wp\/v2\/pages\/418\/revisions\/488"}],"wp:featuredmedia":[{"embeddable":true,"href":"https:\/\/medizin-ganzheitlich.ch\/index.php\/wp-json\/wp\/v2\/media\/274"}],"wp:attachment":[{"href":"https:\/\/medizin-ganzheitlich.ch\/index.php\/wp-json\/wp\/v2\/media?parent=418"}],"curies":[{"name":"wp","href":"https:\/\/api.w.org\/{rel}","templated":true}]}}